{"id":670,"date":"2022-06-27T19:26:22","date_gmt":"2022-06-27T19:26:22","guid":{"rendered":"https:\/\/laperleexpress.com\/?post_type=product&#038;p=670"},"modified":"2023-04-18T16:37:38","modified_gmt":"2023-04-18T16:37:38","slug":"cabrit-en-sauce","status":"publish","type":"product","link":"https:\/\/laperleexpress.com\/fr\/product\/cabrit-en-sauce\/","title":{"rendered":"Cabri en sauce"},"content":{"rendered":"","protected":false},"excerpt":{"rendered":"<p>Morceaux de ch\u00e8vres mijot\u00e9 dans une sauce cr\u00e9ole, oignons<br \/>\net poivrons<\/p>","protected":false},"featured_media":706,"template":"","meta":{"_links_to":"","_links_to_target":""},"product_brand":[],"product_cat":[56],"product_tag":[32,34,38,39],"class_list":{"0":"post-670","1":"product","2":"type-product","3":"status-publish","4":"has-post-thumbnail","6":"product_cat-plats-dhaiti","7":"product_tag-lifestyle","8":"product_tag-outdor","9":"product_tag-travel","10":"product_tag-trip","12":"first","13":"outofstock","14":"taxable","15":"shipping-taxable","16":"purchasable","17":"product-type-simple"},"_links":{"self":[{"href":"https:\/\/laperleexpress.com\/fr\/wp-json\/wp\/v2\/product\/670","targetHints":{"allow":["GET"]}}],"collection":[{"href":"https:\/\/laperleexpress.com\/fr\/wp-json\/wp\/v2\/product"}],"about":[{"href":"https:\/\/laperleexpress.com\/fr\/wp-json\/wp\/v2\/types\/product"}],"wp:featuredmedia":[{"embeddable":true,"href":"https:\/\/laperleexpress.com\/fr\/wp-json\/wp\/v2\/media\/706"}],"wp:attachment":[{"href":"https:\/\/laperleexpress.com\/fr\/wp-json\/wp\/v2\/media?parent=670"}],"wp:term":[{"taxonomy":"product_brand","embeddable":true,"href":"https:\/\/laperleexpress.com\/fr\/wp-json\/wp\/v2\/product_brand?post=670"},{"taxonomy":"product_cat","embeddable":true,"href":"https:\/\/laperleexpress.com\/fr\/wp-json\/wp\/v2\/product_cat?post=670"},{"taxonomy":"product_tag","embeddable":true,"href":"https:\/\/laperleexpress.com\/fr\/wp-json\/wp\/v2\/product_tag?post=670"}],"curies":[{"name":"wp","href":"https:\/\/api.w.org\/{rel}","templated":true}]}}