{"id":746,"date":"2022-06-28T19:06:34","date_gmt":"2022-06-28T19:06:34","guid":{"rendered":"https:\/\/laperleexpress.com\/?post_type=product&#038;p=746"},"modified":"2024-01-13T02:40:26","modified_gmt":"2024-01-13T02:40:26","slug":"fritay-tassot-de-chevre","status":"publish","type":"product","link":"http:\/\/laperleexpress.com\/fr\/product\/fritay-tassot-de-chevre\/","title":{"rendered":"Fritay Tassot de ch\u00e8vre"},"content":{"rendered":"<p>Frites patates douces, frites manyoks, plantains pes\u00e9es, acras au morue, tassot de ch\u00e8vre, sauce chipotle, et salade<br \/>\nmaison<\/p>","protected":false},"excerpt":{"rendered":"<p>Frites patates douces, frites manyoks, plantains pes\u00e9es, acras au morue, tassot de ch\u00e8vre, sauce chipotle, et salade<br \/>\nmaison<\/p>","protected":false},"featured_media":540,"template":"","meta":{"_links_to":"","_links_to_target":""},"product_brand":[],"product_cat":[58],"product_tag":[28,29,32,35,38],"class_list":{"0":"post-746","1":"product","2":"type-product","3":"status-publish","4":"has-post-thumbnail","6":"product_cat-fritay-lakay","7":"product_tag-adventure","8":"product_tag-camping","9":"product_tag-lifestyle","10":"product_tag-photo","11":"product_tag-travel","13":"first","14":"outofstock","15":"taxable","16":"shipping-taxable","17":"purchasable","18":"product-type-simple"},"_links":{"self":[{"href":"http:\/\/laperleexpress.com\/fr\/wp-json\/wp\/v2\/product\/746","targetHints":{"allow":["GET"]}}],"collection":[{"href":"http:\/\/laperleexpress.com\/fr\/wp-json\/wp\/v2\/product"}],"about":[{"href":"http:\/\/laperleexpress.com\/fr\/wp-json\/wp\/v2\/types\/product"}],"wp:featuredmedia":[{"embeddable":true,"href":"http:\/\/laperleexpress.com\/fr\/wp-json\/wp\/v2\/media\/540"}],"wp:attachment":[{"href":"http:\/\/laperleexpress.com\/fr\/wp-json\/wp\/v2\/media?parent=746"}],"wp:term":[{"taxonomy":"product_brand","embeddable":true,"href":"http:\/\/laperleexpress.com\/fr\/wp-json\/wp\/v2\/product_brand?post=746"},{"taxonomy":"product_cat","embeddable":true,"href":"http:\/\/laperleexpress.com\/fr\/wp-json\/wp\/v2\/product_cat?post=746"},{"taxonomy":"product_tag","embeddable":true,"href":"http:\/\/laperleexpress.com\/fr\/wp-json\/wp\/v2\/product_tag?post=746"}],"curies":[{"name":"wp","href":"https:\/\/api.w.org\/{rel}","templated":true}]}}